{"id":265,"date":"2016-05-16T10:15:58","date_gmt":"2016-05-16T10:15:58","guid":{"rendered":"http:\/\/demo.thememodern.com\/continal\/?page_id=265"},"modified":"2025-06-27T19:56:45","modified_gmt":"2025-06-27T19:56:45","slug":"area-de-atuacao","status":"publish","type":"page","link":"https:\/\/dapeng.com.br\/index.php\/area-de-atuacao\/","title":{"rendered":"\u00c1rea de Atua\u00e7\u00e3o"},"content":{"rendered":"<div class=\"wpb-content-wrapper\"><p>[vc_row css=&#8221;.vc_custom_1463472589833{padding-top: 55px !important;padding-bottom: 25px !important;}&#8221;][vc_column width=&#8221;1\/2&#8243;][vc_single_image image=&#8221;801&#8243; img_size=&#8221;full&#8221; css=&#8221;&#8221;][\/vc_column][vc_column width=&#8221;1\/2&#8243;][vc_column_text css=&#8221;.vc_custom_1732040469885{padding-bottom: 20px !important;}&#8221;]<\/p>\n<h3>Nossas \u00c1reas de Atua\u00e7\u00e3o<\/h3>\n<p>[\/vc_column_text][vc_column_text css=&#8221;.vc_custom_1732040456899{padding-bottom: 20px !important;}&#8221;]Somos especialistas na execu\u00e7\u00e3o de obras com alto padr\u00e3o de qualidade, atuando com rigor t\u00e9cnico, gest\u00e3o eficiente e absoluto controle em todas as etapas do processo construtivo. Nosso foco est\u00e1 na entrega de resultados s\u00f3lidos, com excel\u00eancia em acabamento, cumprimento de prazos e total confiabilidade.[\/vc_column_text][vc_column_text css=&#8221;.vc_custom_1732040456899{padding-bottom: 20px !important;}&#8221;]Cada obra \u00e9 conduzida com planejamento detalhado, equipes qualificadas e acompanhamento t\u00e9cnico constante, garantindo desempenho superior e m\u00e1xima efici\u00eancia na execu\u00e7\u00e3o.[\/vc_column_text][vc_column_text css=&#8221;.vc_custom_1732040456899{padding-bottom: 20px !important;}&#8221;]<\/p>\n<h4>Segmentos de atua\u00e7\u00e3o<\/h4>\n<p>[\/vc_column_text][vc_tta_accordion shape=&#8221;square&#8221; spacing=&#8221;10&#8243; gap=&#8221;10&#8243; c_icon=&#8221;&#8221; active_section=&#8221;1&#8243; no_fill=&#8221;true&#8221;][vc_tta_section i_icon_fontawesome=&#8221;fas fa-home&#8221; add_icon=&#8221;true&#8221; title=&#8221;Residencial&#8221; tab_id=&#8221;residencial&#8221;][vc_column_text css=&#8221;.vc_custom_1751054113786{padding-left: 20px !important;}&#8221;]Execu\u00e7\u00e3o de obras residenciais de m\u00e9dio e alto padr\u00e3o, com precis\u00e3o construtiva e excel\u00eancia em cada detalhe, do alicerce ao acabamento final.<\/p>\n<p><a class=\"botao-saber-mais\" href=\"https:\/\/wa.me\/5512988197698\"><b>Saber +<\/b><\/a>[\/vc_column_text][\/vc_tta_section][vc_tta_section i_icon_fontawesome=&#8221;fas fa-building&#8221; add_icon=&#8221;true&#8221; title=&#8221;Predial&#8221; tab_id=&#8221;predial&#8221;][vc_column_text css=&#8221;.vc_custom_1751054113786{padding-left: 20px !important;}&#8221;]Execu\u00e7\u00e3o de empreendimentos verticais com alto n\u00edvel t\u00e9cnico, assegurando qualidade estrutural, conformidade com normas e efici\u00eancia construtiva.<\/p>\n<p><a class=\"botao-saber-mais\" href=\"https:\/\/wa.me\/5512988197698\"><b>Saber +<\/b><\/a>[\/vc_column_text][\/vc_tta_section][vc_tta_section i_icon_fontawesome=&#8221;fas fa-store&#8221; add_icon=&#8221;true&#8221; title=&#8221;Comercial&#8221; tab_id=&#8221;comercial&#8221;][vc_column_text css=&#8221;.vc_custom_1751054113786{padding-left: 20px !important;}&#8221;]Execu\u00e7\u00e3o de espa\u00e7os comerciais com agilidade e organiza\u00e7\u00e3o, garantindo prazos rigorosos e acabamentos que elevam o padr\u00e3o do ambiente.<\/p>\n<p><a class=\"botao-saber-mais\" href=\"https:\/\/wa.me\/5512988197698\"><b>Saber +<\/b><\/a>[\/vc_column_text][\/vc_tta_section][vc_tta_section i_icon_fontawesome=&#8221;fas fa-industry&#8221; add_icon=&#8221;true&#8221; title=&#8221;Industrial&#8221; tab_id=&#8221;industrial&#8221;][vc_column_text css=&#8221;.vc_custom_1751054113786{padding-left: 20px !important;}&#8221;]Execu\u00e7\u00e3o de obras industriais com solu\u00e7\u00f5es t\u00e9cnicas robustas, foco em desempenho, seguran\u00e7a operacional e durabilidade.<\/p>\n<p><a class=\"botao-saber-mais\" href=\"https:\/\/wa.me\/5512988197698\"><b>Saber +<\/b><\/a>[\/vc_column_text][\/vc_tta_section][\/vc_tta_accordion][\/vc_column][\/vc_row][vc_row css=&#8221;.vc_custom_1463472618792{padding-top: 75px !important;padding-bottom: 75px !important;background-color: #f4f4f4 !important;}&#8221;][vc_column]\n\t\n\t<div class=\"call-action\">\n\t\t<h4>Conclu\u00edmos mais de 100 projetos, tem interesse em participar?<\/h4>\n\t\t<a class=\"ot-btn btn-color\" href=\"https:\/\/wa.me\/5512988197698\" target=\"_self\">ENTRAR EM CONTATO<\/a>\t<\/div>\n\n[\/vc_column][\/vc_row]<\/p>\n<\/div>","protected":false},"excerpt":{"rendered":"<p>[vc_row css=&#8221;.vc_custom_1463472589833{padding-top: 55px !important;padding-bottom: 25px !important;}&#8221;][vc_column width=&#8221;1\/2&#8243;][vc_single_image image=&#8221;801&#8243; img_size=&#8221;full&#8221; css=&#8221;&#8221;][\/vc_column][vc_column width=&#8221;1\/2&#8243;][vc_column_text css=&#8221;.vc_custom_1732040469885{padding-bottom: 20px !important;}&#8221;] Nossas \u00c1reas de Atua\u00e7\u00e3o [\/vc_column_text][vc_column_text css=&#8221;.vc_custom_1732040456899{padding-bottom: 20px !important;}&#8221;]Somos especialistas na execu\u00e7\u00e3o de obras com alto padr\u00e3o de qualidade, atuando com rigor t\u00e9cnico, gest\u00e3o eficiente e absoluto controle em todas as etapas do processo construtivo. Nosso foco est\u00e1 na entrega de resultados [&hellip;]<\/p>\n","protected":false},"author":1,"featured_media":0,"parent":0,"menu_order":0,"comment_status":"closed","ping_status":"closed","template":"page-templates\/template-fullwidth.php","meta":{"_joinchat":[],"footnotes":""},"class_list":["post-265","page","type-page","status-publish","hentry"],"_links":{"self":[{"href":"https:\/\/dapeng.com.br\/index.php\/wp-json\/wp\/v2\/pages\/265","targetHints":{"allow":["GET"]}}],"collection":[{"href":"https:\/\/dapeng.com.br\/index.php\/wp-json\/wp\/v2\/pages"}],"about":[{"href":"https:\/\/dapeng.com.br\/index.php\/wp-json\/wp\/v2\/types\/page"}],"author":[{"embeddable":true,"href":"https:\/\/dapeng.com.br\/index.php\/wp-json\/wp\/v2\/users\/1"}],"replies":[{"embeddable":true,"href":"https:\/\/dapeng.com.br\/index.php\/wp-json\/wp\/v2\/comments?post=265"}],"version-history":[{"count":18,"href":"https:\/\/dapeng.com.br\/index.php\/wp-json\/wp\/v2\/pages\/265\/revisions"}],"predecessor-version":[{"id":930,"href":"https:\/\/dapeng.com.br\/index.php\/wp-json\/wp\/v2\/pages\/265\/revisions\/930"}],"wp:attachment":[{"href":"https:\/\/dapeng.com.br\/index.php\/wp-json\/wp\/v2\/media?parent=265"}],"curies":[{"name":"wp","href":"https:\/\/api.w.org\/{rel}","templated":true}]}}