{"id":76,"date":"2016-05-11T03:09:42","date_gmt":"2016-05-11T03:09:42","guid":{"rendered":"http:\/\/demo.thememodern.com\/continal\/?page_id=76"},"modified":"2025-07-03T21:19:12","modified_gmt":"2025-07-03T21:19:12","slug":"home-page-1","status":"publish","type":"page","link":"https:\/\/dapeng.com.br\/","title":{"rendered":"Home Page 1"},"content":{"rendered":"<div class=\"wpb-content-wrapper\"><p>[vc_row fullwidth=&#8221;yes&#8221;][vc_column][rev_slider_vc alias=&#8221;home1&#8243;][\/vc_column][\/vc_row][vc_row parallax_row=&#8221;yes&#8221; css=&#8221;.vc_custom_1731938990315{padding-top: 90px !important;padding-bottom: 70px !important;background-image: url(https:\/\/dapeng.com.br\/wp-content\/uploads\/2016\/05\/bg-hourse.png?id=87) !important;}&#8221; el_class=&#8221;z-index&#8221;][vc_column width=&#8221;1\/3&#8243;]\n\t<div class=\"features\">\n\t\t\t\t\t<img decoding=\"async\" src=\"https:\/\/dapeng.com.br\/wp-content\/uploads\/2024\/11\/novoooo.png\" alt=\"\">\n\t\t\t\t<h4>Planejamento Financeiro de Obra<\/h4>\n\t\t<p>Organize custos, evite surpresas e mantenha sua obra no controle com planejamento preciso.<\/p>\t<\/div>\n\n[\/vc_column][vc_column width=&#8221;1\/3&#8243;]\n\t<div class=\"features\">\n\t\t\t\t\t<img decoding=\"async\" src=\"https:\/\/dapeng.com.br\/wp-content\/uploads\/2016\/05\/features2.png\" alt=\"\">\n\t\t\t\t<h4>Execu\u00e7\u00e3o de Obra<\/h4>\n\t\t<p>Transformamos projetos em realidade com efici\u00eancia, prazos claros e aten\u00e7\u00e3o aos detalhes.<\/p>\t<\/div>\n\n[\/vc_column][vc_column width=&#8221;1\/3&#8243;]\n\t<div class=\"features\">\n\t\t\t\t\t<img decoding=\"async\" src=\"https:\/\/dapeng.com.br\/wp-content\/uploads\/2024\/11\/novooo.png\" alt=\"\">\n\t\t\t\t<h4>Supervis\u00e3o de Obra<\/h4>\n\t\t<p>Acompanhamento t\u00e9cnico constante garante qualidade, seguran\u00e7a e entrega sem imprevistos.<\/p>\t<\/div>\n\n[\/vc_column][\/vc_row][vc_row el_class=&#8221;shadow-section&#8221;][vc_column][vc_column_text]<\/p>\n<div class=\"box-shadow\"><\/div>\n<p>[\/vc_column_text][\/vc_column][\/vc_row][vc_row fullwidth=&#8221;yes&#8221; css=&#8221;.vc_custom_1465371835443{padding-top: 50px !important;background-image: url(https:\/\/dapeng.com.br\/wp-content\/uploads\/2016\/05\/bg-square.png?id=102) !important;background-position: 0 0 !important;background-repeat: repeat !important;}&#8221; el_class=&#8221;background-position shadow&#8221;][vc_column]\n\t<h2 class=\"text-center after\">\u00daLTIMOS PROJETOS<\/h2>\n\n\n\t<section class=\"list-projects list2\">\n\t\t\n\t\t\t\t\t<div id=\"gallery\" class=\"latest-list all-project all-project-v2\">\n\t\t\t\t\t    \t\t\t\t\t\t<div class=\"item item-latest em-andamento  col4\">\n\t\t\t\t\t<div class=\"image-project\" >\n\t\t\t\t\t\t<a href=\"https:\/\/dapeng.com.br\/index.php\/portfolio\/condominio-serimbura\/\" style=\"display:block\">\n\t\t\t\t\t\t<img decoding=\"async\" src=\"https:\/\/dapeng.com.br\/wp-content\/uploads\/2026\/03\/PHOTO-2026-03-18-09-20-43.jpg\" style=\"aspect-ratio: 4 \/ 3; object-fit: cover; width: 100%; height: 100%;\" alt=\"\">\n\t\t\t\t\t\t<span class=\"overlay\"><\/span>\n\t\t\t\t\t\t<\/a>\n\t\t\t\t\t\t<div class=\"content-bottom\">\n\t\t\t\t\t\t\t<div class=\"inner\">\n\t\t\t\t\t\t\t\t<h4><a href=\"https:\/\/dapeng.com.br\/index.php\/portfolio\/condominio-serimbura\/\">Condom\u00ednio Serimbura<\/a><\/h4>\n\t\t\t\t\t\t\t\t<div class=\"cat-name\">Em Andamento <span>,<\/span> <\/div>\n\t\t\t\t\t\t\t<\/div>\n\t\t\t\t\t\t<\/div>\n\t\t\t\t\t<\/div>\n\t\t\t\t<\/div>\n\t\t\t\t\t    \t\t\t\t\t\t<div class=\"item item-latest em-andamento  col4\">\n\t\t\t\t\t<div class=\"image-project\" >\n\t\t\t\t\t\t<a href=\"https:\/\/dapeng.com.br\/index.php\/portfolio\/jardim-golfe\/\" style=\"display:block\">\n\t\t\t\t\t\t<img decoding=\"async\" src=\"https:\/\/dapeng.com.br\/wp-content\/uploads\/2025\/06\/IMG_5029-scaled.jpg\" style=\"aspect-ratio: 4 \/ 3; object-fit: cover; width: 100%; height: 100%;\" alt=\"\">\n\t\t\t\t\t\t<span class=\"overlay\"><\/span>\n\t\t\t\t\t\t<\/a>\n\t\t\t\t\t\t<div class=\"content-bottom\">\n\t\t\t\t\t\t\t<div class=\"inner\">\n\t\t\t\t\t\t\t\t<h4><a href=\"https:\/\/dapeng.com.br\/index.php\/portfolio\/jardim-golfe\/\">Jardim Golfe<\/a><\/h4>\n\t\t\t\t\t\t\t\t<div class=\"cat-name\">Em Andamento <span>,<\/span> <\/div>\n\t\t\t\t\t\t\t<\/div>\n\t\t\t\t\t\t<\/div>\n\t\t\t\t\t<\/div>\n\t\t\t\t<\/div>\n\t\t\t\t\t    \t\t\t\t\t\t<div class=\"item item-latest concluida  col4\">\n\t\t\t\t\t<div class=\"image-project\" >\n\t\t\t\t\t\t<a href=\"https:\/\/dapeng.com.br\/index.php\/portfolio\/jardim-golfe-2\/\" style=\"display:block\">\n\t\t\t\t\t\t<img decoding=\"async\" src=\"https:\/\/dapeng.com.br\/wp-content\/uploads\/2025\/06\/IMG_5036-scaled.jpg\" style=\"aspect-ratio: 4 \/ 3; object-fit: cover; width: 100%; height: 100%;\" alt=\"\">\n\t\t\t\t\t\t<span class=\"overlay\"><\/span>\n\t\t\t\t\t\t<\/a>\n\t\t\t\t\t\t<div class=\"content-bottom\">\n\t\t\t\t\t\t\t<div class=\"inner\">\n\t\t\t\t\t\t\t\t<h4><a href=\"https:\/\/dapeng.com.br\/index.php\/portfolio\/jardim-golfe-2\/\">Jardim Golfe<\/a><\/h4>\n\t\t\t\t\t\t\t\t<div class=\"cat-name\">Conclu\u00edda <span>,<\/span> <\/div>\n\t\t\t\t\t\t\t<\/div>\n\t\t\t\t\t\t<\/div>\n\t\t\t\t\t<\/div>\n\t\t\t\t<\/div>\n\t\t\t\t\t    \t\t\t\t\t\t<div class=\"item item-latest concluida  col4\">\n\t\t\t\t\t<div class=\"image-project\" >\n\t\t\t\t\t\t<a href=\"https:\/\/dapeng.com.br\/index.php\/portfolio\/jardim-golfe-3\/\" style=\"display:block\">\n\t\t\t\t\t\t<img decoding=\"async\" src=\"https:\/\/dapeng.com.br\/wp-content\/uploads\/2025\/06\/IMG_5037-scaled.jpg\" style=\"aspect-ratio: 4 \/ 3; object-fit: cover; width: 100%; height: 100%;\" alt=\"\">\n\t\t\t\t\t\t<span class=\"overlay\"><\/span>\n\t\t\t\t\t\t<\/a>\n\t\t\t\t\t\t<div class=\"content-bottom\">\n\t\t\t\t\t\t\t<div class=\"inner\">\n\t\t\t\t\t\t\t\t<h4><a href=\"https:\/\/dapeng.com.br\/index.php\/portfolio\/jardim-golfe-3\/\">Jardim Golfe<\/a><\/h4>\n\t\t\t\t\t\t\t\t<div class=\"cat-name\">Conclu\u00edda <span>,<\/span> <\/div>\n\t\t\t\t\t\t\t<\/div>\n\t\t\t\t\t\t<\/div>\n\t\t\t\t\t<\/div>\n\t\t\t\t<\/div>\n\t\t\t\t\t    \t\t\t\t\t\t<div class=\"item item-latest concluida  col4\">\n\t\t\t\t\t<div class=\"image-project\" >\n\t\t\t\t\t\t<a href=\"https:\/\/dapeng.com.br\/index.php\/portfolio\/condominio-golfe-2\/\" style=\"display:block\">\n\t\t\t\t\t\t<img decoding=\"async\" src=\"https:\/\/dapeng.com.br\/wp-content\/uploads\/2025\/06\/IMG_5048-scaled.jpg\" style=\"aspect-ratio: 4 \/ 3; object-fit: cover; width: 100%; height: 100%;\" alt=\"\">\n\t\t\t\t\t\t<span class=\"overlay\"><\/span>\n\t\t\t\t\t\t<\/a>\n\t\t\t\t\t\t<div class=\"content-bottom\">\n\t\t\t\t\t\t\t<div class=\"inner\">\n\t\t\t\t\t\t\t\t<h4><a href=\"https:\/\/dapeng.com.br\/index.php\/portfolio\/condominio-golfe-2\/\">Jardim Golfe<\/a><\/h4>\n\t\t\t\t\t\t\t\t<div class=\"cat-name\">Conclu\u00edda <span>,<\/span> <\/div>\n\t\t\t\t\t\t\t<\/div>\n\t\t\t\t\t\t<\/div>\n\t\t\t\t\t<\/div>\n\t\t\t\t<\/div>\n\t\t\t\t\t    \t\t\t\t\t\t<div class=\"item item-latest concluida  col4\">\n\t\t\t\t\t<div class=\"image-project\" >\n\t\t\t\t\t\t<a href=\"https:\/\/dapeng.com.br\/index.php\/portfolio\/reserva-do-paratey\/\" style=\"display:block\">\n\t\t\t\t\t\t<img decoding=\"async\" src=\"https:\/\/dapeng.com.br\/wp-content\/uploads\/2025\/06\/IMG_5085-scaled.jpg\" style=\"aspect-ratio: 4 \/ 3; object-fit: cover; width: 100%; height: 100%;\" alt=\"\">\n\t\t\t\t\t\t<span class=\"overlay\"><\/span>\n\t\t\t\t\t\t<\/a>\n\t\t\t\t\t\t<div class=\"content-bottom\">\n\t\t\t\t\t\t\t<div class=\"inner\">\n\t\t\t\t\t\t\t\t<h4><a href=\"https:\/\/dapeng.com.br\/index.php\/portfolio\/reserva-do-paratey\/\">Reserva do Paratey<\/a><\/h4>\n\t\t\t\t\t\t\t\t<div class=\"cat-name\">Conclu\u00edda <span>,<\/span> <\/div>\n\t\t\t\t\t\t\t<\/div>\n\t\t\t\t\t\t<\/div>\n\t\t\t\t\t<\/div>\n\t\t\t\t<\/div>\n\t\t\t\t\t    \t\t\t\t\t\t<div class=\"item item-latest em-andamento  col4\">\n\t\t\t\t\t<div class=\"image-project\" >\n\t\t\t\t\t\t<a href=\"https:\/\/dapeng.com.br\/index.php\/portfolio\/reserva-do-paratey-2\/\" style=\"display:block\">\n\t\t\t\t\t\t<img decoding=\"async\" src=\"https:\/\/dapeng.com.br\/wp-content\/uploads\/2025\/06\/IMG_5097-scaled.jpg\" style=\"aspect-ratio: 4 \/ 3; object-fit: cover; width: 100%; height: 100%;\" alt=\"\">\n\t\t\t\t\t\t<span class=\"overlay\"><\/span>\n\t\t\t\t\t\t<\/a>\n\t\t\t\t\t\t<div class=\"content-bottom\">\n\t\t\t\t\t\t\t<div class=\"inner\">\n\t\t\t\t\t\t\t\t<h4><a href=\"https:\/\/dapeng.com.br\/index.php\/portfolio\/reserva-do-paratey-2\/\">Reserva do Paratey<\/a><\/h4>\n\t\t\t\t\t\t\t\t<div class=\"cat-name\">Em Andamento <span>,<\/span> <\/div>\n\t\t\t\t\t\t\t<\/div>\n\t\t\t\t\t\t<\/div>\n\t\t\t\t\t<\/div>\n\t\t\t\t<\/div>\n\t\t\t\t\t    \t\t\t\t\t\t<div class=\"item item-latest em-andamento  col4\">\n\t\t\t\t\t<div class=\"image-project\" >\n\t\t\t\t\t\t<a href=\"https:\/\/dapeng.com.br\/index.php\/portfolio\/terras-alpha\/\" style=\"display:block\">\n\t\t\t\t\t\t<img decoding=\"async\" src=\"https:\/\/dapeng.com.br\/wp-content\/uploads\/2025\/06\/IMG_5121-scaled.jpg\" style=\"aspect-ratio: 4 \/ 3; object-fit: cover; width: 100%; height: 100%;\" alt=\"\">\n\t\t\t\t\t\t<span class=\"overlay\"><\/span>\n\t\t\t\t\t\t<\/a>\n\t\t\t\t\t\t<div class=\"content-bottom\">\n\t\t\t\t\t\t\t<div class=\"inner\">\n\t\t\t\t\t\t\t\t<h4><a href=\"https:\/\/dapeng.com.br\/index.php\/portfolio\/terras-alpha\/\">Terras Alpha<\/a><\/h4>\n\t\t\t\t\t\t\t\t<div class=\"cat-name\">Em Andamento <span>,<\/span> <\/div>\n\t\t\t\t\t\t\t<\/div>\n\t\t\t\t\t\t<\/div>\n\t\t\t\t\t<\/div>\n\t\t\t\t<\/div>\n\t\t\t\t\t\t\t<\/div>\n\t\t\n\t\t\n\t\t\t\t\n\t<\/section>\n\n[\/vc_column][\/vc_row][vc_row css=&#8221;.vc_custom_1731941109329{padding-top: 100px !important;padding-bottom: 50px !important;}&#8221;][vc_column]\n\t<h2 class=\"text-center after\">NOSSOS DIFERENCIAIS<\/h2>\n\n[\/vc_column][\/vc_row][vc_row css=&#8221;.vc_custom_1751577540505{padding-top: 0px !important;padding-bottom: 0px !important;}&#8221;][vc_column width=&#8221;1\/2&#8243;]\n\t\n\t\t\t<div class=\"features box3\">\n\t\t\t<div class=\"top-icon\"><i class=\"fas fa-filter\"><\/i><\/div>\n\t\t\t<div class=\"right-box\">\n\t\t\t\t<h4>BAIXO CUSTO E ALTA EFICI\u00caNCIA<\/h4>\n\t\t\t\t<p>Oferecemos solu\u00e7\u00f5es econ\u00f4micas sem comprometer a qualidade, aplicando a filosofia LEAN para otimizar processos e garantir o cumprimento rigoroso dos prazos.<\/p>\t\t\t<\/div>\n\t\t<\/div>\n\t\n\n\t\n\t\t\t<div class=\"features box3\">\n\t\t\t<div class=\"top-icon\"><i class=\"fas fa-user-friends\"><\/i><\/div>\n\t\t\t<div class=\"right-box\">\n\t\t\t\t<h4>EQUIPE ALTAMENTE CAPACITADA<\/h4>\n\t\t\t\t<p>Contamos com m\u00e3o de obra 100% qualificada e oferecemos treinamentos constantes, assegurando que nossos profissionais estejam sempre atualizados e prontos para novos desafios.<\/p>\t\t\t<\/div>\n\t\t<\/div>\n\t\n[\/vc_column][vc_column width=&#8221;1\/2&#8243;]\n\t\n\t\t\t<div class=\"features box3\">\n\t\t\t<div class=\"top-icon\"><i class=\"fas fa-sitemap\"><\/i><\/div>\n\t\t\t<div class=\"right-box\">\n\t\t\t\t<h4>EXCEL\u00caNCIA EM GEST\u00c3O<\/h4>\n\t\t\t\t<p>Nossa gest\u00e3o de projetos e contratos segue as melhores pr\u00e1ticas de engenharia, garantindo controle total e execu\u00e7\u00e3o precisa em cada etapa.<\/p>\t\t\t<\/div>\n\t\t<\/div>\n\t\n\n\t\n\t\t\t<div class=\"features box3\">\n\t\t\t<div class=\"top-icon\"><i class=\"fas fa-shield-alt\"><\/i><\/div>\n\t\t\t<div class=\"right-box\">\n\t\t\t\t<h4>SEGURAN\u00c7A E GARANTIAS<\/h4>\n\t\t\t\t<p>Al\u00e9m de nosso f\u00f4lego financeiro, oferecemos seguros e garantias contratuais, al\u00e9m de um plano de qualidade detalhado para cada projeto, garantindo confian\u00e7a e seguran\u00e7a a nossos clientes.<\/p>\t\t\t<\/div>\n\t\t<\/div>\n\t\n[\/vc_column][\/vc_row][vc_row css=&#8221;.vc_custom_1751577558142{padding-top: 0px !important;padding-bottom: 50px !important;}&#8221;][vc_column][vc_row_inner][vc_column_inner el_class=&#8221;get-action&#8221;]\n\t<a class=\"ot-btn btn-color  btn-small \" href=\"https:\/\/dapeng.com.br\/index.php\/area-de-atuacao\/\" target=\"_self\">\u00c1REA DE ATUA\u00c7\u00c3O<\/a>\n[\/vc_column_inner][\/vc_row_inner][\/vc_column][\/vc_row][vc_row css=&#8221;.vc_custom_1731942293455{padding-top: 50px !important;padding-bottom: 75px !important;}&#8221;][vc_column css=&#8221;.vc_custom_1731942230809{padding-bottom: 0px !important;}&#8221;]\n\t<h2 class=\"text-center after\">PORQUE ESCOLHER A DAPENG?<\/h2>\n\n[\/vc_column][vc_column width=&#8221;1\/2&#8243;]\n\t<figure class=\"vimeo\"> \n\t\t<a href=\"https:\/\/player.vimeo.com\/video\/1097025938\">\n\t\t\t\t\t\t\t<img decoding=\"async\" src=\"https:\/\/dapeng.com.br\/wp-content\/uploads\/2025\/06\/IMG_5095-scaled.jpg\" alt=\"\" \/>\n\t\t\t\t<img decoding=\"async\" class=\"btn-play\" src=\"https:\/\/dapeng.com.br\/wp-content\/themes\/continal\/images\/video-play.png\" alt=\"\" \/>\n\t\t\t\t\t<\/a>\n\t<\/figure>\n\t<script type=\"text\/javascript\"> \n\t\t(function($) { \"use strict\";\n\t\t\t$('.vimeo a,.youtube a').click(function (e) {\n\t\t\t\te.preventDefault();\n\t\t\t\tvar videoLink = $(this).attr('href');\n\t\t\t\tvar classeV = $(this).parent();\n\t\t\t\tvar PlaceV = $(this).parent();\n\t\t\t\tif ($(this).parent().hasClass('youtube')) {\n\t\t\t\t\t$(this).parent().wrapAll('<div class=\"video-wrapper\">');\n\t\t\t\t\t$(PlaceV).html('<iframe loading=\"lazy\" frameborder=\"0\" height=\"333\" src=\"' + videoLink + '?autoplay=1&showinfo=0\" title=\"YouTube video player\" width=\"100%\"><\/iframe>');\n\t\t\t\t} else {\n\t\t\t\t\t$(this).parent().wrapAll('<div class=\"video-wrapper\">');\n\t\t\t\t\t$(PlaceV).html('<iframe loading=\"lazy\" src=\"' + videoLink + '?title=0&amp;byline=0&amp;portrait=0&amp;autoplay=1&amp;color=cfa144\" width=\"100%\" height=\"300\" frameborder=\"0\"><\/iframe>');\n\t\t\t\t}\n\t\t\t});\t\t\n\t\t})(jQuery);\n\t<\/script>\n\n[\/vc_column][vc_column width=&#8221;1\/2&#8243;]\n\t\t\t<div class=\"features box4 \">\n\t\t\t<h4><i class=\"far fa-sun\"><\/i>Transpar\u00eancia<\/h4>\n\t\t\t<p>Cada etapa da sua obra \u00e9 tratada com clareza e responsabilidade. Desde o or\u00e7amento detalhado at\u00e9 o acompanhamento de prazos e custos, voc\u00ea tem acesso a todas as informa\u00e7\u00f5es em tempo real, garantindo confian\u00e7a e seguran\u00e7a em cada decis\u00e3o.<\/p>\t\t<\/div>\n\t\n\t\n\n\t\t\t<div class=\"features box4 \">\n\t\t\t<h4><i class=\"far fa-gem\"><\/i>Qualidade<\/h4>\n\t\t\t<p>Nossa equipe \u00e9 comprometida com altos padr\u00f5es de execu\u00e7\u00e3o, utilizando materiais de excel\u00eancia e as melhores pr\u00e1ticas do mercado. O foco est\u00e1 em entregar uma obra impec\u00e1vel, funcional e com acabamentos que superam expectativas.<\/p>\t\t<\/div>\n\t\n\t\n\n\t\t\t<div class=\"features box4 \">\n\t\t\t<h4><i class=\"fas fa-chart-line\"><\/i>Experi\u00eancia<\/h4>\n\t\t\t<p>Com anos mais de 17 anos atua\u00e7\u00e3o no mercado e mais de 100 projetos de alto padr\u00e3o conclu\u00eddos, a Dapegn combina conhecimento t\u00e9cnico e viv\u00eancia pr\u00e1tica para gerenciar sua obra de forma eficiente e profissional, antecipando solu\u00e7\u00f5es e garantindo resultados superiores.<\/p>\t\t<\/div>\n\t\n\t\n[\/vc_column][\/vc_row][vc_row parallax_row=&#8221;yes&#8221; overlay=&#8221;true&#8221; css=&#8221;.vc_custom_1751042011012{padding-top: 120px !important;padding-bottom: 120px !important;background-image: url(https:\/\/dapeng.com.br\/wp-content\/uploads\/2025\/06\/image-scaled.png?id=915) !important;background-position: center !important;background-repeat: no-repeat !important;background-size: cover !important;}&#8221;][vc_column el_class=&#8221;get-action&#8221;][vc_custom_heading text=&#8221;VAMOS FAZER UM OR\u00c7AMENTO&#8221; font_container=&#8221;tag:h4|text_align:center|color:%23ffffff&#8221; use_theme_fonts=&#8221;yes&#8221; css=&#8221;&#8221;][vc_custom_heading text=&#8221;ENTRE EM CONTATO AGORA MESMO E FA\u00c7A J\u00c1 UM OR\u00c7AMENTO&#8221; font_container=&#8221;tag:p|text_align:center|color:%23ffffff&#8221; use_theme_fonts=&#8221;yes&#8221; css=&#8221;&#8221;]\n\t<a class=\"ot-btn btn-color  btn-small \" href=\"http:\/\/wa.me\/5512988197698\" target=\"_self\">ENTRAR EM CONTATO<\/a>\n[\/vc_column][\/vc_row][vc_row css=&#8221;.vc_custom_1463039095943{padding-top: 50px !important;padding-bottom: 75px !important;}&#8221;][vc_column]\n\t<h2 class=\"text-left after\">Obras da DAPENG em condom\u00ednios:<\/h2>\n\n<\/p>\n<p style=\"font-size: 18px; margin-bottom: 20px; font-weight: bold; color: #333;\">CONDOM\u00cdNIO SERIMBURA<\/p>\n<div id=\"owl-logos-2858132\" class=\"list-logo owl-carousel owl-theme owl-logos\">\n\t\t\t\t\t\t\t<div class=\"item item-logo\"><img decoding=\"async\" src=\"https:\/\/dapeng.com.br\/wp-content\/uploads\/2024\/11\/image-7-1.png\" alt=\"\"><\/div>\n\t\t\t\t\t\t\t<div class=\"item item-logo\"><img decoding=\"async\" src=\"https:\/\/dapeng.com.br\/wp-content\/uploads\/2024\/11\/image-8-1.png\" alt=\"\"><\/div>\n\t\t\t\t\t\t\t<div class=\"item item-logo\"><img decoding=\"async\" src=\"https:\/\/dapeng.com.br\/wp-content\/uploads\/2024\/11\/image-9-2.png\" alt=\"\"><\/div>\n\t\t\t\t\t\t\t<div class=\"item item-logo\"><img decoding=\"async\" src=\"https:\/\/dapeng.com.br\/wp-content\/uploads\/2024\/11\/image-11.png\" alt=\"\"><\/div>\n\t\t\t\t\t<\/div>\n\n\t\t<script>\n\t\t\t(function($) { \"use strict\";\n\t\t\t\t$(document).ready(function() {\n\t\t\t\t\t$(\"#owl-logos-2858132\").owlCarousel({\n\t\t\t\t\t\titems : 4,\n\t\t\t\t\t\titemsDesktop : [1000,4], \n\t\t\t\t\t\titemsDesktopSmall : [900,3],\n\t\t\t\t\t\titemsTablet: [600,2], \n\t\t\t\t\t\titemsMobile : false, \n\t\t\t\t\t\tpagination : false,\n\t\t\t\t\t\tautoPlay : 3000,\n\t\t\t\t\t\tslideSpeed : 300\n\t\t\t\t\t});\t\n\t\t\t\t});\t\n\t\t\t})(jQuery); \n\t\t<\/script>\n\n[\/vc_column][\/vc_row][vc_row el_class=&#8221;shadow-section&#8221;][vc_column][vc_column_text]<\/p>\n<div class=\"box-shadow\"><\/div>\n<p>[\/vc_column_text][\/vc_column][\/vc_row]<\/p>\n<\/div>","protected":false},"excerpt":{"rendered":"<p>[vc_row fullwidth=&#8221;yes&#8221;][vc_column][rev_slider_vc alias=&#8221;home1&#8243;][\/vc_column][\/vc_row][vc_row parallax_row=&#8221;yes&#8221; css=&#8221;.vc_custom_1731938990315{padding-top: 90px !important;padding-bottom: 70px !important;background-image: url(https:\/\/dapeng.com.br\/wp-content\/uploads\/2016\/05\/bg-hourse.png?id=87) !important;}&#8221; el_class=&#8221;z-index&#8221;][vc_column width=&#8221;1\/3&#8243;][\/vc_column][vc_column width=&#8221;1\/3&#8243;][\/vc_column][vc_column width=&#8221;1\/3&#8243;][\/vc_column][\/vc_row][vc_row el_class=&#8221;shadow-section&#8221;][vc_column][vc_column_text] [\/vc_column_text][\/vc_column][\/vc_row][vc_row fullwidth=&#8221;yes&#8221; css=&#8221;.vc_custom_1465371835443{padding-top: 50px !important;background-image: url(https:\/\/dapeng.com.br\/wp-content\/uploads\/2016\/05\/bg-square.png?id=102) !important;background-position: 0 0 !important;background-repeat: repeat !important;}&#8221; el_class=&#8221;background-position shadow&#8221;][vc_column][\/vc_column][\/vc_row][vc_row css=&#8221;.vc_custom_1731941109329{padding-top: 100px !important;padding-bottom: 50px !important;}&#8221;][vc_column][\/vc_column][\/vc_row][vc_row css=&#8221;.vc_custom_1751577540505{padding-top: 0px !important;padding-bottom: 0px !important;}&#8221;][vc_column width=&#8221;1\/2&#8243;][\/vc_column][vc_column width=&#8221;1\/2&#8243;][\/vc_column][\/vc_row][vc_row css=&#8221;.vc_custom_1751577558142{padding-top: 0px !important;padding-bottom: 50px !important;}&#8221;][vc_column][vc_row_inner][vc_column_inner el_class=&#8221;get-action&#8221;][\/vc_column_inner][\/vc_row_inner][\/vc_column][\/vc_row][vc_row css=&#8221;.vc_custom_1731942293455{padding-top: 50px !important;padding-bottom: 75px !important;}&#8221;][vc_column css=&#8221;.vc_custom_1731942230809{padding-bottom: 0px [&hellip;]<\/p>\n","protected":false},"author":1,"featured_media":0,"parent":0,"menu_order":0,"comment_status":"closed","ping_status":"closed","template":"page-templates\/template-canvas.php","meta":{"_joinchat":[],"footnotes":""},"class_list":["post-76","page","type-page","status-publish","hentry"],"_links":{"self":[{"href":"https:\/\/dapeng.com.br\/index.php\/wp-json\/wp\/v2\/pages\/76","targetHints":{"allow":["GET"]}}],"collection":[{"href":"https:\/\/dapeng.com.br\/index.php\/wp-json\/wp\/v2\/pages"}],"about":[{"href":"https:\/\/dapeng.com.br\/index.php\/wp-json\/wp\/v2\/types\/page"}],"author":[{"embeddable":true,"href":"https:\/\/dapeng.com.br\/index.php\/wp-json\/wp\/v2\/users\/1"}],"replies":[{"embeddable":true,"href":"https:\/\/dapeng.com.br\/index.php\/wp-json\/wp\/v2\/comments?post=76"}],"version-history":[{"count":32,"href":"https:\/\/dapeng.com.br\/index.php\/wp-json\/wp\/v2\/pages\/76\/revisions"}],"predecessor-version":[{"id":971,"href":"https:\/\/dapeng.com.br\/index.php\/wp-json\/wp\/v2\/pages\/76\/revisions\/971"}],"wp:attachment":[{"href":"https:\/\/dapeng.com.br\/index.php\/wp-json\/wp\/v2\/media?parent=76"}],"curies":[{"name":"wp","href":"https:\/\/api.w.org\/{rel}","templated":true}]}}